{"id":1637,"date":"2019-03-01T13:19:33","date_gmt":"2019-03-01T13:19:33","guid":{"rendered":"https:\/\/sensoradvice.ch\/impressum\/"},"modified":"2019-04-04T09:07:26","modified_gmt":"2019-04-04T09:07:26","slug":"impressum","status":"publish","type":"page","link":"https:\/\/sensoradvice.ch\/fr\/impressum\/","title":{"rendered":"Impressum"},"content":{"rendered":"<p><!--StartFragment--><\/p>\n\n\n<p>Tous les droits de reproduction du pr\u00e9sent site Internet appartiennent \u00e0 Sensor Advice.<\/p>\n\n\n\n<p><br>Les textes et illustrations ne peuvent \u00eatre utilis\u00e9s que sur autorisation expresse.<\/p>\n\n\n\n<p><br><strong>Conception<\/strong><br>studiotanner GmbH<br>Zentralstrasse 156<br>8003 Z\u00fcrich<br><a rel=\"noreferrer noopener\" aria-label=\"www.studiotanner.ch (opens in a new tab)\" href=\"https:\/\/www.studiotanner.ch\/8813807\" target=\"_blank\">www.studiotanner.ch<\/a><\/p>\n\n\n\n<p><br><strong>Programmation<\/strong><br>BERTA Kommunikation AG<br>Bertastrasse 1<br>8003 Z\u00fcrich<br><a rel=\"noreferrer noopener\" aria-label=\"www.berta.ag (opens in a new tab)\" href=\"https:\/\/berta.ag\/\" target=\"_blank\">www.berta.ag<\/a><\/p>\n\n\n\n<p><br><strong>Photos<\/strong><br>Martina Meier Fotografie<br>Hardtumstrasse 66<br>8005 Z\u00fcrich<br><a rel=\"noreferrer noopener\" aria-label=\"www.martinameier.ch (opens in a new tab)\" href=\"https:\/\/www.martinameier.ch\/8150855\" target=\"_blank\">www.martinameier.ch<\/a><\/p>\n\n\n<p><!--EndFragment--><\/p>\n<p><\/p>","protected":false},"excerpt":{"rendered":"<p>Tous les droits de reproduction du pr\u00e9sent site Internet appartiennent \u00e0 Sensor Advice. Les textes et illustrations ne peuvent \u00eatre utilis\u00e9s que sur autorisation expresse. Conceptionstudiotanner GmbHZentralstrasse 1568003 Z\u00fcrichwww.studiotanner.ch ProgrammationBERTA Kommunikation AGBertastrasse 18003 Z\u00fcrichwww.berta.ag PhotosMartina Meier FotografieHardtumstrasse 668005 Z\u00fcrichwww.martinameier.ch<\/p>\n","protected":false},"author":1,"featured_media":0,"parent":0,"menu_order":0,"comment_status":"closed","ping_status":"closed","template":"page-templates\/impressum.php","meta":{"_acf_changed":false,"footnotes":""},"class_list":["post-1637","page","type-page","status-publish","hentry"],"acf":[],"yoast_head":"<!-- This site is optimized with the Yoast SEO plugin v24.4 - https:\/\/yoast.com\/wordpress\/plugins\/seo\/ -->\n<title>Impressum - Sensor Advice<\/title>\n<meta name=\"robots\" content=\"index, follow, max-snippet:-1, max-image-preview:large, max-video-preview:-1\" \/>\n<link rel=\"canonical\" href=\"https:\/\/sensoradvice.ch\/impressum\/\" \/>\n<meta property=\"og:locale\" content=\"fr_FR\" \/>\n<meta property=\"og:type\" content=\"article\" \/>\n<meta property=\"og:title\" content=\"Impressum - Sensor Advice\" \/>\n<meta property=\"og:description\" content=\"Tous les droits de reproduction du pr\u00e9sent site Internet appartiennent \u00e0 Sensor Advice. Les textes et illustrations ne peuvent \u00eatre utilis\u00e9s que sur autorisation expresse. Conceptionstudiotanner GmbHZentralstrasse 1568003 Z\u00fcrichwww.studiotanner.ch ProgrammationBERTA Kommunikation AGBertastrasse 18003 Z\u00fcrichwww.berta.ag PhotosMartina Meier FotografieHardtumstrasse 668005 Z\u00fcrichwww.martinameier.ch\" \/>\n<meta property=\"og:url\" content=\"https:\/\/sensoradvice.ch\/impressum\/\" \/>\n<meta property=\"og:site_name\" content=\"Sensor Advice\" \/>\n<meta property=\"article:publisher\" content=\"https:\/\/www.facebook.com\/sensoradvice\/\" \/>\n<meta property=\"article:modified_time\" content=\"2019-04-04T09:07:26+00:00\" \/>\n<meta name=\"twitter:card\" content=\"summary_large_image\" \/>\n<meta name=\"twitter:site\" content=\"@sensoradvice\" \/>\n<script type=\"application\/ld+json\" class=\"yoast-schema-graph\">{\"@context\":\"https:\/\/schema.org\",\"@graph\":[{\"@type\":\"WebPage\",\"@id\":\"https:\/\/sensoradvice.ch\/impressum\/\",\"url\":\"https:\/\/sensoradvice.ch\/impressum\/\",\"name\":\"Impressum - Sensor Advice\",\"isPartOf\":{\"@id\":\"https:\/\/sensoradvice.ch\/#website\"},\"datePublished\":\"2019-03-01T13:19:33+00:00\",\"dateModified\":\"2019-04-04T09:07:26+00:00\",\"breadcrumb\":{\"@id\":\"https:\/\/sensoradvice.ch\/impressum\/#breadcrumb\"},\"inLanguage\":\"fr-FR\",\"potentialAction\":[{\"@type\":\"ReadAction\",\"target\":[\"https:\/\/sensoradvice.ch\/impressum\/\"]}]},{\"@type\":\"BreadcrumbList\",\"@id\":\"https:\/\/sensoradvice.ch\/impressum\/#breadcrumb\",\"itemListElement\":[{\"@type\":\"ListItem\",\"position\":1,\"name\":\"Home\",\"item\":\"https:\/\/sensoradvice.ch\/\"},{\"@type\":\"ListItem\",\"position\":2,\"name\":\"Impressum\"}]},{\"@type\":\"WebSite\",\"@id\":\"https:\/\/sensoradvice.ch\/#website\",\"url\":\"https:\/\/sensoradvice.ch\/\",\"name\":\"Sensor Advice\",\"description\":\"\",\"publisher\":{\"@id\":\"https:\/\/sensoradvice.ch\/#organization\"},\"potentialAction\":[{\"@type\":\"SearchAction\",\"target\":{\"@type\":\"EntryPoint\",\"urlTemplate\":\"https:\/\/sensoradvice.ch\/?s={search_term_string}\"},\"query-input\":{\"@type\":\"PropertyValueSpecification\",\"valueRequired\":true,\"valueName\":\"search_term_string\"}}],\"inLanguage\":\"fr-FR\"},{\"@type\":\"Organization\",\"@id\":\"https:\/\/sensoradvice.ch\/#organization\",\"name\":\"sensor advice\",\"url\":\"https:\/\/sensoradvice.ch\/\",\"logo\":{\"@type\":\"ImageObject\",\"inLanguage\":\"fr-FR\",\"@id\":\"https:\/\/sensoradvice.ch\/#\/schema\/logo\/image\/\",\"url\":\"https:\/\/sensoradvice.ch\/wp-content\/uploads\/2019\/03\/sa.png\",\"contentUrl\":\"https:\/\/sensoradvice.ch\/wp-content\/uploads\/2019\/03\/sa.png\",\"width\":139,\"height\":70,\"caption\":\"sensor advice\"},\"image\":{\"@id\":\"https:\/\/sensoradvice.ch\/#\/schema\/logo\/image\/\"},\"sameAs\":[\"https:\/\/www.facebook.com\/sensoradvice\/\",\"https:\/\/x.com\/sensoradvice\",\"https:\/\/www.instagram.com\/sensoradvice\/\",\"https:\/\/www.linkedin.com\/company\/sensor-advice\"]}]}<\/script>\n<!-- \/ Yoast SEO plugin. -->","yoast_head_json":{"title":"Impressum - Sensor Advice","robots":{"index":"index","follow":"follow","max-snippet":"max-snippet:-1","max-image-preview":"max-image-preview:large","max-video-preview":"max-video-preview:-1"},"canonical":"https:\/\/sensoradvice.ch\/impressum\/","og_locale":"fr_FR","og_type":"article","og_title":"Impressum - Sensor Advice","og_description":"Tous les droits de reproduction du pr\u00e9sent site Internet appartiennent \u00e0 Sensor Advice. Les textes et illustrations ne peuvent \u00eatre utilis\u00e9s que sur autorisation expresse. Conceptionstudiotanner GmbHZentralstrasse 1568003 Z\u00fcrichwww.studiotanner.ch ProgrammationBERTA Kommunikation AGBertastrasse 18003 Z\u00fcrichwww.berta.ag PhotosMartina Meier FotografieHardtumstrasse 668005 Z\u00fcrichwww.martinameier.ch","og_url":"https:\/\/sensoradvice.ch\/impressum\/","og_site_name":"Sensor Advice","article_publisher":"https:\/\/www.facebook.com\/sensoradvice\/","article_modified_time":"2019-04-04T09:07:26+00:00","twitter_card":"summary_large_image","twitter_site":"@sensoradvice","schema":{"@context":"https:\/\/schema.org","@graph":[{"@type":"WebPage","@id":"https:\/\/sensoradvice.ch\/impressum\/","url":"https:\/\/sensoradvice.ch\/impressum\/","name":"Impressum - Sensor Advice","isPartOf":{"@id":"https:\/\/sensoradvice.ch\/#website"},"datePublished":"2019-03-01T13:19:33+00:00","dateModified":"2019-04-04T09:07:26+00:00","breadcrumb":{"@id":"https:\/\/sensoradvice.ch\/impressum\/#breadcrumb"},"inLanguage":"fr-FR","potentialAction":[{"@type":"ReadAction","target":["https:\/\/sensoradvice.ch\/impressum\/"]}]},{"@type":"BreadcrumbList","@id":"https:\/\/sensoradvice.ch\/impressum\/#breadcrumb","itemListElement":[{"@type":"ListItem","position":1,"name":"Home","item":"https:\/\/sensoradvice.ch\/"},{"@type":"ListItem","position":2,"name":"Impressum"}]},{"@type":"WebSite","@id":"https:\/\/sensoradvice.ch\/#website","url":"https:\/\/sensoradvice.ch\/","name":"Sensor Advice","description":"","publisher":{"@id":"https:\/\/sensoradvice.ch\/#organization"},"potentialAction":[{"@type":"SearchAction","target":{"@type":"EntryPoint","urlTemplate":"https:\/\/sensoradvice.ch\/?s={search_term_string}"},"query-input":{"@type":"PropertyValueSpecification","valueRequired":true,"valueName":"search_term_string"}}],"inLanguage":"fr-FR"},{"@type":"Organization","@id":"https:\/\/sensoradvice.ch\/#organization","name":"sensor advice","url":"https:\/\/sensoradvice.ch\/","logo":{"@type":"ImageObject","inLanguage":"fr-FR","@id":"https:\/\/sensoradvice.ch\/#\/schema\/logo\/image\/","url":"https:\/\/sensoradvice.ch\/wp-content\/uploads\/2019\/03\/sa.png","contentUrl":"https:\/\/sensoradvice.ch\/wp-content\/uploads\/2019\/03\/sa.png","width":139,"height":70,"caption":"sensor advice"},"image":{"@id":"https:\/\/sensoradvice.ch\/#\/schema\/logo\/image\/"},"sameAs":["https:\/\/www.facebook.com\/sensoradvice\/","https:\/\/x.com\/sensoradvice","https:\/\/www.instagram.com\/sensoradvice\/","https:\/\/www.linkedin.com\/company\/sensor-advice"]}]}},"_links":{"self":[{"href":"https:\/\/sensoradvice.ch\/fr\/wp-json\/wp\/v2\/pages\/1637","targetHints":{"allow":["GET"]}}],"collection":[{"href":"https:\/\/sensoradvice.ch\/fr\/wp-json\/wp\/v2\/pages"}],"about":[{"href":"https:\/\/sensoradvice.ch\/fr\/wp-json\/wp\/v2\/types\/page"}],"author":[{"embeddable":true,"href":"https:\/\/sensoradvice.ch\/fr\/wp-json\/wp\/v2\/users\/1"}],"replies":[{"embeddable":true,"href":"https:\/\/sensoradvice.ch\/fr\/wp-json\/wp\/v2\/comments?post=1637"}],"version-history":[{"count":1,"href":"https:\/\/sensoradvice.ch\/fr\/wp-json\/wp\/v2\/pages\/1637\/revisions"}],"predecessor-version":[{"id":1642,"href":"https:\/\/sensoradvice.ch\/fr\/wp-json\/wp\/v2\/pages\/1637\/revisions\/1642"}],"wp:attachment":[{"href":"https:\/\/sensoradvice.ch\/fr\/wp-json\/wp\/v2\/media?parent=1637"}],"curies":[{"name":"wp","href":"https:\/\/api.w.org\/{rel}","templated":true}]}}